{"id":27,"date":"2021-11-05T08:23:09","date_gmt":"2021-11-05T08:23:09","guid":{"rendered":"http:\/\/www.kalibracevlhkomeru.cz\/?page_id=27"},"modified":"2022-02-25T10:04:52","modified_gmt":"2022-02-25T10:04:52","slug":"popis-kalibracni-laboratore","status":"publish","type":"page","link":"https:\/\/www.kalibracevlhkomeru.cz\/index.php\/popis-kalibracni-laboratore\/","title":{"rendered":"Popis kalibra\u010dn\u00ed laborato\u0159e"},"content":{"rendered":"\n<div class=\"wp-block-columns\">\n<div class=\"wp-block-column\" style=\"flex-basis:66.66%\">\n<p>Kalibra\u010dn\u00ed laborato\u0159 Scanlab Praha, akreditov\u00e1na \u010cIA pod \u010d\u00edslem K2373 byla zalo\u017eena v roce 2012. V tomto roce prob\u011bhla prvn\u00ed akreditace pro m\u011b\u0159enou veli\u010dinu objem. V roce 2017 byla provedena akreditace pro veli\u010dinu teplota a v roce 2020 jsme akreditovali postup pro teploty a homogenity teplotn\u00edho pole u lednic a mraz\u00e1k\u016f. V roce 2022 prob\u011bhla akreditace postupu pro veli\u010dinu vlhkost.<\/p>\n<\/div>\n\n\n\n<div class=\"wp-block-column\" style=\"flex-basis:33.33%\">\n<figure class=\"wp-block-image size-large is-resized\"><img loading=\"lazy\" src=\"https:\/\/www.kalibracevlhkomeru.cz\/wp-content\/uploads\/2021\/11\/CK-2373.gif\" alt=\"\" class=\"wp-image-111\" width=\"154\" height=\"147\"\/><\/figure>\n<\/div>\n<\/div>\n\n\n\n<p class=\"has-accent-color has-text-color\" style=\"font-size:15px\"><strong>Zde je na\u0161e kompletn\u00ed nab\u00eddka:<\/strong><\/p>\n\n\n\n<figure class=\"wp-block-table is-style-stripes\"><table class=\"has-background\" style=\"background-color:#e7f5fe\"><tbody><tr><td>Pipety: objem od 1 do 10 000 \u00b5l<\/td><td><a href=\"http:\/\/www.kalibracepipet.cz\" target=\"_blank\" rel=\"noreferrer noopener\">web<\/a><\/td><\/tr><tr><td>D\u00e1vkova\u010de: objem od 0,01 do 100 ml<\/td><td><a href=\"http:\/\/www.kalibracepipet.cz\" target=\"_blank\" rel=\"noreferrer noopener\">web<\/a><\/td><\/tr><tr><td>Elektronick\u00e9 teplom\u011bry: od -30 do 130 \u00b0C<\/td><td><a href=\"http:\/\/www.kalibraceteplomeru.cz\" target=\"_blank\" rel=\"noreferrer noopener\">web<\/a><\/td><\/tr><tr><td>Sklen\u011bn\u00e9 teplom\u011bry: od -30 do 80 \u00b0C<\/td><td><a href=\"http:\/\/www.kalibraceteplomeru.cz\" target=\"_blank\" rel=\"noreferrer noopener\">web<\/a><\/td><\/tr><tr><td>Z\u00e1znamn\u00edky teploty b\u011bhem p\u0159epravy: od -30 do 130 \u00b0C<\/td><td><a href=\"http:\/\/www.kalibraceteplomeru.cz\" target=\"_blank\" rel=\"noreferrer noopener\">web<\/a><\/td><\/tr><tr><td>Teplota a homogenita teplotn\u00edho pole u lednic a mraz\u00e1k\u016f: od -30 do 50 \u00b0C<\/td><td><a href=\"http:\/\/www.kalibraceteplomeru.cz\" target=\"_blank\" rel=\"noreferrer noopener\">web<\/a><\/td><\/tr><tr><td>Elektronick\u00e9 vlhkom\u011bry: od 20 do 80 %RH<\/td><td><a href=\"http:\/\/www.kalibracevlhkomeru.cz\" target=\"_blank\" rel=\"noreferrer noopener\">web<\/a><\/td><\/tr><\/tbody><\/table><\/figure>\n\n\n\n<p>Kalibrace v\u0161ech za\u0159\u00edzen\u00edch prov\u00e1d\u00edme akreditovan\u00fdmi metodami vych\u00e1zej\u00edc\u00edmi z n\u00e1rodn\u00edch a mezin\u00e1rodn\u00edch postup\u016f a norem.<\/p>\n\n\n\n<p>Doporu\u010dujeme V\u00e1m uzav\u0159en\u00ed servisn\u00ed a kalibra\u010dn\u00ed smlouvy, kter\u00e1 V\u00e1m zabezpe\u010d\u00ed velmi v\u00fdhodn\u00e9 podm\u00ednky. V\u0161echny na\u0161e p\u0159\u00edstroje a etalony jsou kalibrov\u00e1ny v pravideln\u00fdch intervalech a t\u00edm je zabezpe\u010dena n\u00e1vaznost na st\u00e1tn\u00ed a mezin\u00e1rodn\u00ed etalony.<\/p>\n\n\n\n<p class=\"has-accent-color has-text-color\"><strong>Nab\u00edz\u00edme profesion\u00e1ln\u00ed a v\u00fdhodn\u00e9 slu\u017eby pro ka\u017ed\u00e9ho:<\/strong><\/p>\n\n\n\n<ul><li>nenab\u00edz\u00edme zv\u00fdhodn\u011bn\u00e9 bali\u010dky, ale v\u0161echny slu\u017eby nab\u00edz\u00edme v\u0161em z\u00e1kazn\u00edk\u016fm stejn\u011b<\/li><li>od prvn\u00edho kontaktu se V\u00e1m budeme osobn\u011b v\u011bnovat<\/li><li>p\u0159iprav\u00edme V\u00e1m nab\u00eddku doslova na m\u00edru<\/li><li>dop\u0159edu budete zn\u00e1t v\u0161echny podm\u00ednky, ceny kalibrac\u00ed a dobu proveden\u00ed kalibrac\u00ed<\/li><li>zaplat\u00edme za V\u00e1s dopravu<\/li><\/ul>\n\n\n\n<p><\/p>\n","protected":false},"excerpt":{"rendered":"<p>Kalibra\u010dn\u00ed laborato\u0159 Scanlab Praha, akreditov\u00e1na \u010cIA pod \u010d\u00edslem K2373 byla zalo\u017eena v roce 2012. V tomto roce prob\u011bhla prvn\u00ed akreditace pro m\u011b\u0159enou veli\u010dinu objem. V roce 2017 byla provedena akreditace pro veli\u010dinu teplota a v roce 2020 jsme akreditovali postup pro teploty a homogenity teplotn\u00edho pole u lednic a mraz\u00e1k\u016f. V roce 2022 prob\u011bhla akreditace [&hellip;]<\/p>\n","protected":false},"author":1,"featured_media":0,"parent":0,"menu_order":0,"comment_status":"closed","ping_status":"closed","template":"","meta":{"spay_email":""},"_links":{"self":[{"href":"https:\/\/www.kalibracevlhkomeru.cz\/index.php\/wp-json\/wp\/v2\/pages\/27"}],"collection":[{"href":"https:\/\/www.kalibracevlhkomeru.cz\/index.php\/wp-json\/wp\/v2\/pages"}],"about":[{"href":"https:\/\/www.kalibracevlhkomeru.cz\/index.php\/wp-json\/wp\/v2\/types\/page"}],"author":[{"embeddable":true,"href":"https:\/\/www.kalibracevlhkomeru.cz\/index.php\/wp-json\/wp\/v2\/users\/1"}],"replies":[{"embeddable":true,"href":"https:\/\/www.kalibracevlhkomeru.cz\/index.php\/wp-json\/wp\/v2\/comments?post=27"}],"version-history":[{"count":13,"href":"https:\/\/www.kalibracevlhkomeru.cz\/index.php\/wp-json\/wp\/v2\/pages\/27\/revisions"}],"predecessor-version":[{"id":250,"href":"https:\/\/www.kalibracevlhkomeru.cz\/index.php\/wp-json\/wp\/v2\/pages\/27\/revisions\/250"}],"wp:attachment":[{"href":"https:\/\/www.kalibracevlhkomeru.cz\/index.php\/wp-json\/wp\/v2\/media?parent=27"}],"curies":[{"name":"wp","href":"https:\/\/api.w.org\/{rel}","templated":true}]}}