{"id":244,"date":"2022-02-25T09:47:19","date_gmt":"2022-02-25T09:47:19","guid":{"rendered":"https:\/\/www.kalibracevlhkomeru.cz\/?page_id=244"},"modified":"2026-04-30T09:14:38","modified_gmt":"2026-04-30T09:14:38","slug":"skoleni-a-vzdelavani","status":"publish","type":"page","link":"https:\/\/www.kalibracevlhkomeru.cz\/index.php\/skoleni-a-vzdelavani\/","title":{"rendered":"\u0160kolen\u00ed a vzd\u011bl\u00e1v\u00e1n\u00ed"},"content":{"rendered":"\n<p>V\u0161ichni na\u0161i pracovn\u00edci pravideln\u011b nav\u0161t\u011bvuj\u00ed \u0161kolen\u00ed a d\u00e1le se vzd\u011bl\u00e1vaj\u00ed. Zde je uveden seznam \u0161kolen\u00ed a vzd\u011bl\u00e1v\u00e1n\u00ed, kter\u00fdch se na\u0161i pracovn\u00edci \u00fa\u010dastnili.<\/p>\n\n\n\n<div class=\"wp-block-columns\">\n<div class=\"wp-block-column\" style=\"flex-basis:66.66%\">\n<figure class=\"wp-block-table is-style-stripes\"><table><tbody><tr><td>3. 11. 2025<\/td><td>Kurz: Metrologie ve zdravotnictv\u00ed. \u010cMS.<\/td><\/tr><tr><td>6. &#8211; 7. 10. 2025<\/td><td>Odborn\u00fd semin\u00e1\u0159: Kalibrace a m\u011b\u0159en\u00ed teploty a vlhkosti. \u010cKS.<\/td><\/tr><tr><td>2.6.2025<\/td><td>Semin\u00e1\u0159 \u010cIA k \u00fakolu PRM VII\/5\/24 &#8220;Aspekty kalibrace m\u011b\u0159idel vlhkosti vzduchu a jejich interpretace v podob\u011b p\u0159\u00edlohy OA&#8221;<\/td><\/tr><tr><td>5. a 6.11.2024<\/td><td>66. odborn\u00e1 konfrence \u010cKS<\/td><\/tr><tr><td>14.10.2024<\/td><td>Semin\u00e1\u0159 \u010cIA<\/td><\/tr><tr><td>25.9.2024<\/td><td>Odborn\u00fd semin\u00e1\u0159 s n\u00e1zvem &#8220;M\u011b\u0159en\u00ed a kalibrace p\u00edstov\u00fdch objemov\u00fdch m\u011b\u0159idel&#8221;<\/td><\/tr><tr><td>7 a 8. 11. 2023<\/td><td>64. Konference \u010cKS<\/td><\/tr><tr><td>12 a 13. 9. 2023<\/td><td>Odborn\u00fd semin\u00e1\u0159 \u010cKS:m Kalibrace a m\u011b\u0159en\u00ed teploty a vlhkosti<\/td><\/tr><tr><td>25 a 26. 4. 2023<\/td><td>63. Konference \u010cKS<\/td><\/tr><tr><td>29. 3. 2023<\/td><td>\u010cMS: M\u011b\u0159en\u00ed mal\u00fdch hmotnost\u00ed a m\u011b\u0159en\u00ed mal\u00fdch objem\u016f pomoc\u00ed p\u00edstov\u00fdch pipet.<\/td><\/tr><tr><td>22.-23.11.2022<\/td><td>62. Konference \u010cKS<\/td><\/tr><tr><td>24.-26. 10. 2022<\/td><td>Semin\u00e1\u0159 \u010cKS: &#8220;Nejistoty m\u011b\u0159en\u00ed&#8221;<\/td><\/tr><tr><td>4. 10. 2022<\/td><td>Semin\u00e1\u0159 \u010cIA &#8220;Syst\u00e9m kvality&#8221;<\/td><\/tr><tr><td>11. 4. 2022<\/td><td>Kurz \u010cMS: Anal\u00fdza a statistick\u00e9 zpracov\u00e1n\u00ed dat I.<\/td><\/tr><tr><td>11. 10. 2021<\/td><td>Kurz \u010cMS: \u0158\u00edzen\u00ed metrologie v organizaci. <\/td><\/tr><tr><td>5.-6. 10. 2021<\/td><td>60. Odborn\u00e1 konference \u010cKS, Skalsk\u00fd Dv\u016fr<\/td><\/tr><tr><td>18. 11. 2019<\/td><td>Kurz \u010cMS: Nejistota v nejistot\u00e1ch &#8211; teplota a tlak<\/td><\/tr><tr><td>22.-23. 10. 2019<\/td><td>59. Odborn\u00e1 konference \u010cKS, Skalsk\u00fd Dv\u016fr<\/td><\/tr><tr><td>9. 10. 2019<\/td><td>Semin\u00e1\u0159 \u010cIA<\/td><\/tr><tr><td>15.-16. 5. 2019<\/td><td>Lean Consluting: Revize normy \u010cSN EN ISO\/IEC 17025:2018 a prov\u00e1d\u011bn\u00ed anal\u00fdz rizik<\/td><\/tr><tr><td>9. 4. 2019<\/td><td>Semin\u00e1\u0159 \u010cIA: P\u0159\u00edstup k CMC a v\u00fdpo\u010det nejmen\u0161\u00edch nejistota &#8211; obor statick\u00fd objem<\/td><\/tr><tr><td>5. 12. 2018<\/td><td>Semin\u00e1\u0159 \u010cIA: Implementace normy \u010cSN EN ISO\/IEC 17025:2018<\/td><\/tr><tr><td>7-8. 11. 2018<\/td><td>57. Odborn\u00e1 konference \u010cKS, Skalsk\u00fd Dv\u016fr<\/td><\/tr><tr><td>15 a\u017e 17. 5. 2018<\/td><td>56. Konference \u010cKS, Skalsk\u00fd Dv\u016fr<\/td><\/tr><tr><td>3. 4. 2018<\/td><td>Syst\u00e9my jakosti: Management rizik<\/td><\/tr><tr><td>15. 3. 2018<\/td><td>Semin\u00e1\u0159 \u010cIA: V\u00fdsledky z \u00fakolu z PRM &#8211; obor teplota<\/td><\/tr><tr><td>1 a 2. 11. 2017<\/td><td>55. Konference \u010cKS, Skalsk\u00fd Dv\u016fr<\/td><\/tr><tr><td>18. 10. 2017<\/td><td>Kurz \u010cMS: \u0158\u00edzen\u00ed metrologie v organizaci<\/td><\/tr><tr><td>4. 10. 2017<\/td><td>Semin\u00e1\u0159 \u010cIA: Revize normy \u010cSN EN ISO\/IEC 17025<\/td><\/tr><tr><td>23 a\u017e 25. 2. 2017<\/td><td>\u010cMI: \u0160kola teploty a vlhkosti<\/td><\/tr><tr><td>17. 5. 2017<\/td><td>Syst\u00e9my jakosti: \u0161kolen\u00ed Metrolog v organizaci<\/td><\/tr><tr><td>11. 10. 2016<\/td><td>Semin\u00e1\u0159 \u010cKS: Kalibrace a m\u011b\u0159en\u00ed v oboru teplota<\/td><\/tr><tr><td>12. 7. 2016<\/td><td>\u010cMI: Z\u00edsk\u00e1na odborn\u00e1 zp\u016fsobilost pro kalibrace sklen\u011bn\u00fdch a indika\u010dn\u00edch teplom\u011br\u016f<\/td><\/tr><tr><td>15. 6. 2016<\/td><td>\u010cMI \u0161kolen\u00ed: Kalibrace sklen\u011bn\u00fdch a indika\u010dn\u00edch teplom\u011br\u016f<\/td><\/tr><tr><td>12. 6. 2016<\/td><td>Stali jsme se \u010dleny \u010cesk\u00e9ho kalibra\u010dn\u00edho sdru\u017een\u00ed<\/td><\/tr><tr><td>7. 6. 2016<\/td><td>Semin\u00e1\u0159 \u010cIA: Syst\u00e9m kvality<\/td><\/tr><tr><td>13. 5. 2016<\/td><td>\u010cMI \u0161kolen\u00ed: Kalibrace indika\u010dn\u00edch teplom\u011br\u016f, n\u00e1v\u0161t\u011bva kalibra\u010dn\u00ed laborato\u0159e \u010cMI Praha<\/td><\/tr><tr><td>20. 4. 2016<\/td><td>Kurz \u010cMS: Stanoven\u00ed nejistot p\u0159i m\u011b\u0159en\u00ed teploty<\/td><\/tr><tr><td>3. 5. 2015<\/td><td>N\u00e1v\u0161t\u011bva kalibra\u010dn\u00ed laborato\u0159e v N\u011bmecku<\/td><\/tr><tr><td>25. 9. 2014<\/td><td>Syst\u00e9my jakosti: \u0160kolen\u00ed metrologa kalibra\u010dn\u00ed laborato\u0159e<\/td><\/tr><tr><td>5. 3. 2014<\/td><td>\u0160kolen\u00ed z\u00e1stupce firmy Radwag, obsluha a \u00fadr\u017eba vah<\/td><\/tr><tr><td>13. 11. 2013<\/td><td>Semin\u00e1\u0159 \u010cIA: Syst\u00e9m kvality<\/td><\/tr><tr><td>24 a 25. 1. 2013<\/td><td>Syst\u00e9my jakosti: Intern\u00ed kalibrace m\u011b\u0159idel<\/td><\/tr><tr><td>3. 5. 2012<\/td><td>Syst\u00e9my jakosti: \u0160kolen\u00ed mana\u017eera kvality<\/td><\/tr><tr><td>11. 2012<\/td><td>Prvn\u00ed akreditace na\u0161\u00ed kalibra\u010dn\u00ed laborato\u0159e<\/td><\/tr><\/tbody><\/table><\/figure>\n<\/div>\n\n\n\n<div class=\"wp-block-column\" style=\"flex-basis:33.33%\">\n<figure class=\"wp-block-image size-full is-resized\"><img loading=\"lazy\" src=\"https:\/\/www.kalibracepipet.cz\/wp-content\/uploads\/2021\/12\/images.jpg\" alt=\"\" class=\"wp-image-410\" width=\"254\" height=\"239\"\/><\/figure>\n<\/div>\n<\/div>\n","protected":false},"excerpt":{"rendered":"<p>V\u0161ichni na\u0161i pracovn\u00edci pravideln\u011b nav\u0161t\u011bvuj\u00ed \u0161kolen\u00ed a d\u00e1le se vzd\u011bl\u00e1vaj\u00ed. Zde je uveden seznam \u0161kolen\u00ed a vzd\u011bl\u00e1v\u00e1n\u00ed, kter\u00fdch se na\u0161i pracovn\u00edci \u00fa\u010dastnili. 3. 11. 2025 Kurz: Metrologie ve zdravotnictv\u00ed. \u010cMS. 6. &#8211; 7. 10. 2025 Odborn\u00fd semin\u00e1\u0159: Kalibrace a m\u011b\u0159en\u00ed teploty a vlhkosti. \u010cKS. 2.6.2025 Semin\u00e1\u0159 \u010cIA k \u00fakolu PRM VII\/5\/24 &#8220;Aspekty kalibrace m\u011b\u0159idel vlhkosti [&hellip;]<\/p>\n","protected":false},"author":1,"featured_media":0,"parent":0,"menu_order":0,"comment_status":"closed","ping_status":"closed","template":"","meta":{"spay_email":""},"_links":{"self":[{"href":"https:\/\/www.kalibracevlhkomeru.cz\/index.php\/wp-json\/wp\/v2\/pages\/244"}],"collection":[{"href":"https:\/\/www.kalibracevlhkomeru.cz\/index.php\/wp-json\/wp\/v2\/pages"}],"about":[{"href":"https:\/\/www.kalibracevlhkomeru.cz\/index.php\/wp-json\/wp\/v2\/types\/page"}],"author":[{"embeddable":true,"href":"https:\/\/www.kalibracevlhkomeru.cz\/index.php\/wp-json\/wp\/v2\/users\/1"}],"replies":[{"embeddable":true,"href":"https:\/\/www.kalibracevlhkomeru.cz\/index.php\/wp-json\/wp\/v2\/comments?post=244"}],"version-history":[{"count":12,"href":"https:\/\/www.kalibracevlhkomeru.cz\/index.php\/wp-json\/wp\/v2\/pages\/244\/revisions"}],"predecessor-version":[{"id":287,"href":"https:\/\/www.kalibracevlhkomeru.cz\/index.php\/wp-json\/wp\/v2\/pages\/244\/revisions\/287"}],"wp:attachment":[{"href":"https:\/\/www.kalibracevlhkomeru.cz\/index.php\/wp-json\/wp\/v2\/media?parent=244"}],"curies":[{"name":"wp","href":"https:\/\/api.w.org\/{rel}","templated":true}]}}